{"id":5,"date":"2021-12-16T10:06:24","date_gmt":"2021-12-16T10:06:24","guid":{"rendered":"https:\/\/buchhaltungssoftware-schweiz.ch\/wordpress\/?page_id=5"},"modified":"2022-06-20T16:25:58","modified_gmt":"2022-06-20T16:25:58","slug":"create-your-website-with-blocks","status":"publish","type":"page","link":"https:\/\/buchhaltungssoftware-vergleich.ch\/wordpress\/","title":{"rendered":"Buchhaltungssoftware"},"content":{"rendered":"\n<h2 class=\"alignwide has-text-align-wide has-gigantic-font-size wp-block-heading\" style=\"line-height:1.1\">Schweizer Buchhaltungssoftware finden und vergleichen.<\/h2>\n\n\n\n<p class=\"has-vivid-cyan-blue-color has-text-color\"><a href=\"https:\/\/www.buchhaltungssoftware-schweiz.ch\/\" data-type=\"URL\" data-id=\"https:\/\/www.buchhaltungssoftware-schweiz.ch\/\">Direkt zum <strong>Infoniqa ONE 50<\/strong> Partner-Shop<\/a><\/p>\n\n\n\n<div class=\"wp-block-columns alignwide are-vertically-aligned-center is-style-twentytwentyone-columns-overlap is-layout-flex wp-container-core-columns-is-layout-9d6595d7 wp-block-columns-is-layout-flex\">\n<div class=\"wp-block-column is-vertically-aligned-center is-layout-flow wp-block-column-is-layout-flow\"><\/div>\n<\/div>\n\n\n\n<div class=\"wp-block-columns alignwide are-vertically-aligned-top is-layout-flex wp-container-core-columns-is-layout-9d6595d7 wp-block-columns-is-layout-flex\">\n<div class=\"wp-block-column is-vertically-aligned-top is-layout-flow wp-block-column-is-layout-flow\">\n<h4 class=\"wp-block-heading\">Buchhaltungssoftware Anbieter<\/h4>\n\n\n\n<p>Auf unserem Portal finden Sie in eine \u00dcbersicht von Schweizer Business Software Anbieter und Links zu den passenden Infos. Gerne holen wir f\u00fcr Sie auch kostenlos max. 3 passende Offerten von Anbietern f\u00fcr Sie ein. Teilen Sie uns dazu einfach Ihre Anforderungen an Ihre Buchhaltungssoftware detailliert mit und wir evaluieren f\u00fcr Sie die passenden Software Anbieter.<br><br><a href=\"https:\/\/www.buchhaltungsprogramme.ch\/\">www.Buchhaltungsprogramme.ch<\/a><\/p>\n<\/div>\n\n\n\n<div class=\"wp-block-column is-vertically-aligned-top is-layout-flow wp-block-column-is-layout-flow\">\n<h4 class=\"wp-block-heading\">Vertriebspartner in Ihrer N\u00e4he<\/h4>\n\n\n\n<p>F\u00fcr eine lokale Betreuung suchen viele User nach einem passenden Vertriebspartner in Ihrer Umgebung. \u00dcber das Business Software Vergleichsportal der Schweiz finden Sie viele Vertriebspartner in Ihrer Umgebung:<br><br><a href=\"https:\/\/www.buchhaltungsprogramme.ch\/verzeichnis\/business-category\/vertriebspartner\/\">Vertriebspartner &#8211; Buchhaltungsprogramme.ch<\/a><\/p>\n<\/div>\n\n\n\n<div class=\"wp-block-column is-vertically-aligned-top is-layout-flow wp-block-column-is-layout-flow\">\n<h4 class=\"wp-block-heading\">Treuh\u00e4nder in Ihrer N\u00e4he<\/h4>\n\n\n\n<p>Wenn Sie sich f\u00fcr eine passende Buchhaltungssoftware entschieden haben, k\u00f6nnen Sie \u00fcber unser Portal auch den passenden Treuh\u00e4nder mit derselben Software in Ihrer N\u00e4he finden. So w\u00e4re auch ein Datenaustausch mit dem Treuh\u00e4nder m\u00f6glich.<br><br><a href=\"https:\/\/www.buchhaltungsprogramme.ch\/verzeichnis\/business-category\/treuhaender-buchhalter\/\">Treuh\u00e4nder \/ Buchhalter &#8211; Buchhaltungsprogramme.ch<\/a><\/p>\n<\/div>\n<\/div>\n\n\n\n<h1 class=\"wp-block-heading\">Die optimale Buchhaltungssoftware in der Schweiz finden!<\/h1>\n\n\n\n<h1 class=\"wp-block-heading\">Jetzt testen: Mit nur wenigen Klicks finden Sie die richtige Buchhaltungssoftware in der Schweiz! Das KMU-Buchhaltungssoftware-Vergleichsportal der Schweiz macht es m\u00f6glich.<\/h1>\n\n\n\n<p>Warum als kleines und mittelst\u00e4ndisches Unternehmen (KMU) nicht selber die Buchhaltung erledigen? Denn schliesslich gibt es mittlerweile einfach zu bedienende, leistungsstarke Buchhaltungssoftware f\u00fcr Unternehmen dieser Gr\u00f6sse. Bestellen Sie sich doch einfach die f\u00fcr Ihre Bed\u00fcrfnisse optimale Software. Sicherlich werden sich Ihnen im Zuge der Anschaffung auch einige Fragen stellen: Welches Buchhaltungsprogramm eignet sich wirklich f\u00fcr Ihr Unternehmen? Bei welchem Anbieter erhalten Sie das Programm am g\u00fcnstigsten? Welche einzelnen Module der jeweiligen Anbieter sollten Sie sich als Buchhaltungssoftware anschaffen? Lassen sich auch einzelne Vorg\u00e4nge, wie beispielsweise die doppelte Buchhaltung, problemlos damit erstellen? &nbsp;<\/p>\n\n\n\n<h2 class=\"wp-block-heading\">Das KMU-Software-Vergleichsportal hat die Antworten<\/h2>\n\n\n\n<p>Auf all diese Fragen geben wir Ihnen auf unserem KMU Software Vergleichsportal schnelle und klare Antworten. Unsere Website Buchhaltungsprogramme.ch hilft Ihnen, das passende Buchhaltungsprogramm f\u00fcr die Anforderungen in Ihrem Unternehmen zu finden. Vergleichen Sie die bekanntesten Business-Softwarel\u00f6sungen, die nach Schweizer Gesetzgebung konzipiert sind. Ermitteln Sie auf unserem Portal schnell und einfach die Preise f\u00fcr Ihr Buchhaltungsprogramm. Sie werden feststellen, dass Sie k\u00fcnftig Ihre Buchhaltung nicht mehr an externe Dienstleister auslagern m\u00fcssen, sondern Themen wie etwa die Lohnbuchhaltung mithilfe einer Lohn-Software problemlos selber l\u00f6sen k\u00f6nnen.<\/p>\n\n\n\n<h2 class=\"wp-block-heading\">Die Auftragsbearbeitung ist in Zukunft kinderleicht<\/h2>\n\n\n\n<p>Die Auftragsbearbeitung und deren z\u00fcgige wie auch sehr genaue Abwicklung ist ein ganz wesentlicher Punkt in einem Unternehmen. Durch die Verwendung von computergest\u00fctzten erp-Systemen oder anders gesagt passgenauer Anwendungssoftware gestaltet sich die Bearbeitung k\u00fcnftig ganz einfach f\u00fcr Sie. Der Trend zeigt, dass immer mehr Unternehmen auf solche Software-L\u00f6sungen zur\u00fcckgreifen. Einerseits um Kosten zu sparen, aber auch um schneller zu sein, was ein wesentlicher Faktor im Hinblick auf die Wettbewerbsf\u00e4higkeit ist.&nbsp;<\/p>\n\n\n\n<h2 class=\"wp-block-heading\">Alle Finanzen im Blick mit der Fibu Software<\/h2>\n\n\n\n<p>Mit einem kurzen Beispiel m\u00f6chten wir Ihnen die einfache Suche nach dem passenden Buchhaltungsprogramm veranschaulichen. Wenn Sie beispielsweise ein Programm f\u00fcr Ihre Fibu ben\u00f6tigen, dann klicken Sie im oberen Menu einfach auf den Button &#171;KMUs&#187; und innerhalb dieser Rubrik auf &#171;Finanzbuchhaltung&#187;. Lassen Sie sich auf der dann erscheinenden Seite die bekanntesten Business-Softwarel\u00f6sungen f\u00fcr diesen Aufgabenbereich anzeigen oder w\u00e4hlen Sie dort direkt einen Anbieter f\u00fcr Fibu Software aus.<\/p>\n\n\n\n<h2 class=\"wp-block-heading\">Nur noch ein Schritt bis zu Ihrem Buchhaltungsprogramm<\/h2>\n\n\n\n<p>\u00dcberzeugen Sie das Buchhaltungsprogramm und der Preis, k\u00f6nnen Sie sie einfach und schnell in unserem Onlineshop bestellen. Oder nutzen Sie unser kostenloses Offertenformular f\u00fcr die Einholung diverser Offerten von unterschiedlichen Anbietern. Machen Sie dort die ben\u00f6tigten Angaben zum gew\u00fcnschten Buchhaltungsprogramm \u2013 schnellstm\u00f6glich schicken Ihnen dann die ausgew\u00e4hlten Anbieter ein entsprechendes Angebot zu. F\u00fcr den Vergleich der Offerten steht Ihnen Buchhaltungsprogramme.ch jederzeit in unabh\u00e4ngiger und beratender Funktion zur Verf\u00fcgung.<\/p>\n\n\n\n<p>Bei uns finden Sie Buchhaltungssoftware f\u00fcr:<\/p>\n\n\n\n<p>KMU | gr\u00f6ssere Unternehmen | Treuh\u00e4nder | Vereine | Selbstst\u00e4ndige | Private | spezifische Branchen<\/p>\n\n\n\n<p><a href=\"http:\/\/www.Buchhaltungsprogramme.ch\">www.Buchhaltungsprogramme.ch<\/a><\/p>\n","protected":false},"excerpt":{"rendered":"<p>Schweizer Buchhaltungssoftware finden und vergleichen. Direkt zum Infoniqa ONE 50 Partner-Shop Buchhaltungssoftware Anbieter Auf unserem Portal finden Sie in eine &hellip; <\/p>\n","protected":false},"author":1,"featured_media":0,"parent":0,"menu_order":0,"comment_status":"closed","ping_status":"closed","template":"","meta":{"footnotes":""},"class_list":["post-5","page","type-page","status-publish","hentry"],"_links":{"self":[{"href":"https:\/\/buchhaltungssoftware-vergleich.ch\/wordpress\/index.php?rest_route=\/wp\/v2\/pages\/5","targetHints":{"allow":["GET"]}}],"collection":[{"href":"https:\/\/buchhaltungssoftware-vergleich.ch\/wordpress\/index.php?rest_route=\/wp\/v2\/pages"}],"about":[{"href":"https:\/\/buchhaltungssoftware-vergleich.ch\/wordpress\/index.php?rest_route=\/wp\/v2\/types\/page"}],"author":[{"embeddable":true,"href":"https:\/\/buchhaltungssoftware-vergleich.ch\/wordpress\/index.php?rest_route=\/wp\/v2\/users\/1"}],"replies":[{"embeddable":true,"href":"https:\/\/buchhaltungssoftware-vergleich.ch\/wordpress\/index.php?rest_route=%2Fwp%2Fv2%2Fcomments&post=5"}],"version-history":[{"count":9,"href":"https:\/\/buchhaltungssoftware-vergleich.ch\/wordpress\/index.php?rest_route=\/wp\/v2\/pages\/5\/revisions"}],"predecessor-version":[{"id":51,"href":"https:\/\/buchhaltungssoftware-vergleich.ch\/wordpress\/index.php?rest_route=\/wp\/v2\/pages\/5\/revisions\/51"}],"wp:attachment":[{"href":"https:\/\/buchhaltungssoftware-vergleich.ch\/wordpress\/index.php?rest_route=%2Fwp%2Fv2%2Fmedia&parent=5"}],"curies":[{"name":"wp","href":"https:\/\/api.w.org\/{rel}","templated":true}]}}